{"id":57809,"date":"2021-03-25T23:04:39","date_gmt":"2021-03-25T21:04:39","guid":{"rendered":"https:\/\/www.stiftung-oekologie-u-demokratie.de\/T\/?page_id=57809"},"modified":"2021-03-25T23:25:12","modified_gmt":"2021-03-25T21:25:12","slug":"projekt-klimawandelanpassungscoach-rlp","status":"publish","type":"page","link":"https:\/\/www.stiftung-oekologie-u-demokratie.de\/T\/projekt-klimawandelanpassungscoach-rlp\/","title":{"rendered":"Projekt: \u201eKlimawandelAnpassungsCOACH RLP\u201c"},"content":{"rendered":"\t\t<div data-elementor-type=\"wp-page\" data-elementor-id=\"57809\" class=\"elementor elementor-57809\">\n\t\t\t\t\t\t<section class=\"elementor-section elementor-top-section elementor-element elementor-element-98d9870 elementor-section-boxed elementor-section-height-default elementor-section-height-default\" data-id=\"98d9870\" data-element_type=\"section\">\n\t\t\t\t\t\t<div class=\"elementor-container elementor-column-gap-default\">\n\t\t\t\t\t<div class=\"elementor-column elementor-col-100 elementor-top-column elementor-element elementor-element-93c0f49\" data-id=\"93c0f49\" data-element_type=\"column\">\n\t\t\t<div class=\"elementor-widget-wrap elementor-element-populated\">\n\t\t\t\t\t\t<div class=\"elementor-element elementor-element-a55a679 elementor-widget elementor-widget-image\" data-id=\"a55a679\" data-element_type=\"widget\" data-widget_type=\"image.default\">\n\t\t\t\t<div class=\"elementor-widget-container\">\n\t\t\t\t\t\t\t\t\t\t\t\t\t\t\t<img fetchpriority=\"high\" decoding=\"async\" width=\"1024\" height=\"874\" src=\"https:\/\/www.stiftung-oekologie-u-demokratie.de\/T\/wp-content\/uploads\/2017\/12\/Logo-08-1024x874.jpg\" class=\"attachment-large size-large wp-image-989\" alt=\"\" srcset=\"https:\/\/www.stiftung-oekologie-u-demokratie.de\/T\/wp-content\/uploads\/2017\/12\/Logo-08-1024x874.jpg 1024w, https:\/\/www.stiftung-oekologie-u-demokratie.de\/T\/wp-content\/uploads\/2017\/12\/Logo-08-600x512.jpg 600w, https:\/\/www.stiftung-oekologie-u-demokratie.de\/T\/wp-content\/uploads\/2017\/12\/Logo-08-300x256.jpg 300w, https:\/\/www.stiftung-oekologie-u-demokratie.de\/T\/wp-content\/uploads\/2017\/12\/Logo-08-450x384.jpg 450w, https:\/\/www.stiftung-oekologie-u-demokratie.de\/T\/wp-content\/uploads\/2017\/12\/Logo-08.jpg 1463w\" sizes=\"(max-width: 1024px) 100vw, 1024px\" \/>\t\t\t\t\t\t\t\t\t\t\t\t\t\t\t<\/div>\n\t\t\t\t<\/div>\n\t\t\t\t\t<\/div>\n\t\t<\/div>\n\t\t\t\t\t<\/div>\n\t\t<\/section>\n\t\t\t\t<section class=\"elementor-section elementor-top-section elementor-element elementor-element-c540cb0 elementor-section-boxed elementor-section-height-default elementor-section-height-default\" data-id=\"c540cb0\" data-element_type=\"section\">\n\t\t\t\t\t\t<div class=\"elementor-container elementor-column-gap-default\">\n\t\t\t\t\t<div class=\"elementor-column elementor-col-100 elementor-top-column elementor-element elementor-element-608552b\" data-id=\"608552b\" data-element_type=\"column\">\n\t\t\t<div class=\"elementor-widget-wrap elementor-element-populated\">\n\t\t\t\t\t\t<div class=\"elementor-element elementor-element-8799a79 elementor-widget elementor-widget-video\" data-id=\"8799a79\" data-element_type=\"widget\" data-settings=\"{&quot;youtube_url&quot;:&quot;https:\\\/\\\/youtu.be\\\/OWdEigV7ZL4&quot;,&quot;video_type&quot;:&quot;youtube&quot;,&quot;controls&quot;:&quot;yes&quot;}\" data-widget_type=\"video.default\">\n\t\t\t\t<div class=\"elementor-widget-container\">\n\t\t\t\t\t\t\t<div class=\"elementor-wrapper elementor-open-inline\">\n\t\t\t<div class=\"elementor-video\"><\/div>\t\t<\/div>\n\t\t\t\t\t\t<\/div>\n\t\t\t\t<\/div>\n\t\t\t\t\t<\/div>\n\t\t<\/div>\n\t\t\t\t\t<\/div>\n\t\t<\/section>\n\t\t\t\t<section class=\"elementor-section elementor-top-section elementor-element elementor-element-158f4a6 elementor-section-boxed elementor-section-height-default elementor-section-height-default\" data-id=\"158f4a6\" data-element_type=\"section\">\n\t\t\t\t\t\t<div class=\"elementor-container elementor-column-gap-default\">\n\t\t\t\t\t<div class=\"elementor-column elementor-col-100 elementor-top-column elementor-element elementor-element-905734e\" data-id=\"905734e\" data-element_type=\"column\">\n\t\t\t<div class=\"elementor-widget-wrap elementor-element-populated\">\n\t\t\t\t\t\t<div class=\"elementor-element elementor-element-38a6b6a elementor-widget elementor-widget-text-editor\" data-id=\"38a6b6a\" data-element_type=\"widget\" data-widget_type=\"text-editor.default\">\n\t\t\t\t<div class=\"elementor-widget-container\">\n\t\t\t\t\t\t\t\t\t<p>Das kommunale Projekt \u201eKlimawandelAnpassungsCOACH RLP\u201c der Stiftung f\u00fcr \u00d6kologie und Demokratie e.V. wird durch das Bundesministerium f\u00fcr Umwelt, Naturschutz und nukleare Sicherheit aus dem Sonderverm\u00f6gen \u201eEnergie- und Klimafonds\u201c gef\u00f6rdert. Die Projektlaufzeit erstreckt sich \u00fcber 3 Jahre.<\/p><p>Der Stiftungsvorsitzende Hans-Joachim Ritter (R\u00fclzheim) zeigte sich erfreut, dass das zweistufige Antragsverfahren erfolgreich gewesen sei.<\/p><p>Der Projektstart erfolgte zum 1.4.2018.<\/p><p><strong>Worum geht es bei diesem Projekt?<\/strong><\/p><p>Die Integration des Themas Klimaanpassung in Prozesse der st\u00e4dtischen Planung stellt Kommunen vor gro\u00dfe Herausforderungen. Mit der Klimaschutznovelle des Baugesetzbuches wurde die Anpassung an den Klimawandel als ein Abw\u00e4gungstatbestand in der kommunalen Bauleitplanung definiert. Die Umsetzung dieser Vorgabe sieht sich jedoch einer Reihe von Problemen gegen\u00fcber: Unsicherheiten, die in Aussagen zu zuk\u00fcnftigen Klimaver\u00e4nderungen liegen sowie unterschiedliche Raumstrukturen des Landes erschweren die Bewertung der Notwendigkeit von Anpassungsma\u00dfnahmen. Zudem haben insbesondere kleine Kommunen h\u00e4ufig nicht die personellen und zeitlichen Ressourcen, um gro\u00df angelegte Strategien zur Klimaanpassung zu entwickeln. Ma\u00dfnahmen h\u00e4ngen von lokalspezifischen Vulnerabilit\u00e4ten ab und die Integration von Anpassungsma\u00dfnahmen in Projekte und Aufgabenfelder muss in hohem Ma\u00dfe individuell erarbeitet werden.<\/p><p>Ziel des hier skizzierten Projektes ist es, Kommunen in ganz Rheinland-Pfalz bei der Initiierung der ersten Schritte zur Klimaanpassung folgenderma\u00dfen zu unterst\u00fctzen: Schulung zum Hintergrundwissen, Unterst\u00fctzung bei der Datensammlung, Aufbau eines \u201eNetzwerks Klimaanpassung\u201c, Erfassung des Status quo der Kommune, Entwicklung von Ma\u00dfnahmen im gemeinsamen Dialog. Zur Durchf\u00fchrung dieses Ziels konnte mit Christian Kotremba die Position des \u201eKommunalen KlimawandelAnpassungsCOACHs\u201c eingesetzt werden, welcher das Projekt koordinieren und als Anlaufstelle f\u00fcr Kommunen fungieren soll. Ausgew\u00e4hlte Kommunen werden sechs Monate bei der Initiierung der Klimaanpassung begleitet werden. Die Verbreitung der erarbeiteten Anpassungsstrategien durch Berichte der Modellkommunen, regionale Informationsveranstaltungen sowie der aktiven Unterst\u00fctzung des interkommunalen Dialogs sind wichtige Ziele w\u00e4hrend und im Anschluss an das Projekt. Flankierend soll durch Gespr\u00e4che mit anderen Kommunen eine \u00dcbersicht \u00fcber derzeit bereits eingeleitete Klimaanpassungsma\u00dfnahmen zusammengestellt und in Form einer Datenbank der \u00d6ffentlichkeit zug\u00e4nglich gemacht werden.<\/p>\t\t\t\t\t\t\t\t<\/div>\n\t\t\t\t<\/div>\n\t\t\t\t\t<\/div>\n\t\t<\/div>\n\t\t\t\t\t<\/div>\n\t\t<\/section>\n\t\t\t\t<section class=\"elementor-section elementor-top-section elementor-element elementor-element-edefa6e elementor-section-boxed elementor-section-height-default elementor-section-height-default\" data-id=\"edefa6e\" data-element_type=\"section\">\n\t\t\t\t\t\t<div class=\"elementor-container elementor-column-gap-default\">\n\t\t\t\t\t<div class=\"elementor-column elementor-col-50 elementor-top-column elementor-element elementor-element-ecf8c91\" data-id=\"ecf8c91\" data-element_type=\"column\">\n\t\t\t<div class=\"elementor-widget-wrap elementor-element-populated\">\n\t\t\t\t\t\t<div class=\"elementor-element elementor-element-476ea94 elementor-widget elementor-widget-image\" data-id=\"476ea94\" data-element_type=\"widget\" data-widget_type=\"image.default\">\n\t\t\t\t<div class=\"elementor-widget-container\">\n\t\t\t\t\t\t\t\t\t\t\t\t\t\t\t<img decoding=\"async\" width=\"1024\" height=\"905\" src=\"https:\/\/www.stiftung-oekologie-u-demokratie.de\/T\/wp-content\/uploads\/2017\/12\/BundesministeriumUNnS-1024x905.png\" class=\"attachment-large size-large wp-image-1005\" alt=\"\" srcset=\"https:\/\/www.stiftung-oekologie-u-demokratie.de\/T\/wp-content\/uploads\/2017\/12\/BundesministeriumUNnS-1024x905.png 1024w, https:\/\/www.stiftung-oekologie-u-demokratie.de\/T\/wp-content\/uploads\/2017\/12\/BundesministeriumUNnS-600x530.png 600w, https:\/\/www.stiftung-oekologie-u-demokratie.de\/T\/wp-content\/uploads\/2017\/12\/BundesministeriumUNnS-300x265.png 300w, https:\/\/www.stiftung-oekologie-u-demokratie.de\/T\/wp-content\/uploads\/2017\/12\/BundesministeriumUNnS-450x398.png 450w, https:\/\/www.stiftung-oekologie-u-demokratie.de\/T\/wp-content\/uploads\/2017\/12\/BundesministeriumUNnS.png 1584w\" sizes=\"(max-width: 1024px) 100vw, 1024px\" \/>\t\t\t\t\t\t\t\t\t\t\t\t\t\t\t<\/div>\n\t\t\t\t<\/div>\n\t\t\t\t\t<\/div>\n\t\t<\/div>\n\t\t\t\t<div class=\"elementor-column elementor-col-50 elementor-top-column elementor-element elementor-element-7776dda\" data-id=\"7776dda\" data-element_type=\"column\">\n\t\t\t<div class=\"elementor-widget-wrap elementor-element-populated\">\n\t\t\t\t\t\t<div class=\"elementor-element elementor-element-fc1ba62 elementor-widget elementor-widget-text-editor\" data-id=\"fc1ba62\" data-element_type=\"widget\" data-widget_type=\"text-editor.default\">\n\t\t\t\t<div class=\"elementor-widget-container\">\n\t\t\t\t\t\t\t\t\t<p><a href=\"https:\/\/www.stiftung-oekologie-u-demokratie.de\/T\/wp-content\/uploads\/2018\/08\/Projektflyer_COACH_RLP.pdf\" target=\"_blank\" rel=\"noopener\">Projektflyer_COACH_RLP<\/a><\/p><p><a href=\"https:\/\/www.stiftung-oekologie-u-demokratie.de\/T\/wp-content\/uploads\/2021\/03\/KlimaCoach_Abschlussbroschure_210303.pdf\" target=\"_blank\" rel=\"noopener\">Abschlussbrosch\u00fcre<\/a><\/p><p><a href=\"http:\/\/www.kwis-rlp.de\/de\/anpassungsportal\/projekte-kommunen-und-unternehmen\/klimawandelanpassungscoach-rlp\/\" target=\"_blank\" rel=\"noopener\">Aktuelle Informationen<\/a> auf der Seite Rheinland-Pfalz Kompetenzzentrum f\u00fcr Klimawandelfolgen<\/p><p>Die Inhalte der Fachtagung Klimawandelanpassung vom 25.02.2021 in <a href=\"https:\/\/www.stadtberatung.info\/klimawandelanpassungscoach\/\" target=\"_blank\" rel=\"noopener\">Kurzvideos<\/a><\/p>\t\t\t\t\t\t\t\t<\/div>\n\t\t\t\t<\/div>\n\t\t\t\t\t<\/div>\n\t\t<\/div>\n\t\t\t\t\t<\/div>\n\t\t<\/section>\n\t\t\t\t<\/div>\n\t\t","protected":false},"excerpt":{"rendered":"<p>Das kommunale Projekt \u201eKlimawandelAnpassungsCOACH RLP\u201c der Stiftung f\u00fcr \u00d6kologie und Demokratie e.V. wird durch das Bundesministerium f\u00fcr Umwelt, Naturschutz und nukleare Sicherheit aus dem Sonderverm\u00f6gen \u201eEnergie- und Klimafonds\u201c gef\u00f6rdert. Die Projektlaufzeit erstreckt sich \u00fcber 3 Jahre. Der Stiftungsvorsitzende Hans-Joachim Ritter (R\u00fclzheim) zeigte sich erfreut, dass das zweistufige Antragsverfahren erfolgreich gewesen sei. Der Projektstart erfolgte zum&hellip;<\/p>\n","protected":false},"author":1,"featured_media":0,"parent":0,"menu_order":0,"comment_status":"closed","ping_status":"closed","template":"","meta":[],"class_list":["post-57809","page","type-page","status-publish","hentry","description-off"],"yoast_head":"<!-- This site is optimized with the Yoast SEO plugin v25.9 - https:\/\/yoast.com\/wordpress\/plugins\/seo\/ -->\n<title>Projekt: \u201eKlimawandelAnpassungsCOACH RLP\u201c - Stiftung f\u00fcr \u00d6kologie und Demokratie e.V.<\/title>\n<meta name=\"description\" content=\"Die Stiftung f\u00fcr \u00d6kologie und Demokratie ist eine gemeinn\u00fctzige Organisation, ein auf Bundesebene von der Bundeszentrale f\u00fcr politische Bildung (BpB) anerkannter Tr\u00e4ger der politischen Bildung, der sich vor allem f\u00fcr Umwelt und die politische \u00d6kologie einsetzt.\" \/>\n<meta name=\"robots\" content=\"index, follow, max-snippet:-1, max-image-preview:large, max-video-preview:-1\" \/>\n<link rel=\"canonical\" href=\"https:\/\/www.stiftung-oekologie-u-demokratie.de\/T\/projekt-klimawandelanpassungscoach-rlp\/\" \/>\n<meta property=\"og:locale\" content=\"de_DE\" \/>\n<meta property=\"og:type\" content=\"article\" \/>\n<meta property=\"og:title\" content=\"Projekt: \u201eKlimawandelAnpassungsCOACH RLP\u201c - Stiftung f\u00fcr \u00d6kologie und Demokratie e.V.\" \/>\n<meta property=\"og:description\" content=\"Die Stiftung f\u00fcr \u00d6kologie und Demokratie ist eine gemeinn\u00fctzige Organisation, ein auf Bundesebene von der Bundeszentrale f\u00fcr politische Bildung (BpB) anerkannter Tr\u00e4ger der politischen Bildung, der sich vor allem f\u00fcr Umwelt und die politische \u00d6kologie einsetzt.\" \/>\n<meta property=\"og:url\" content=\"https:\/\/www.stiftung-oekologie-u-demokratie.de\/T\/projekt-klimawandelanpassungscoach-rlp\/\" \/>\n<meta property=\"og:site_name\" content=\"Stiftung f\u00fcr \u00d6kologie und Demokratie e.V.\" \/>\n<meta property=\"article:modified_time\" content=\"2021-03-25T21:25:12+00:00\" \/>\n<meta property=\"og:image\" content=\"https:\/\/www.stiftung-oekologie-u-demokratie.de\/T\/wp-content\/uploads\/2017\/12\/Logo-08-1024x874.jpg\" \/>\n<meta name=\"twitter:card\" content=\"summary_large_image\" \/>\n<meta name=\"twitter:label1\" content=\"Gesch\u00e4tzte Lesezeit\" \/>\n\t<meta name=\"twitter:data1\" content=\"2\u00a0Minuten\" \/>\n<script type=\"application\/ld+json\" class=\"yoast-schema-graph\">{\"@context\":\"https:\/\/schema.org\",\"@graph\":[{\"@type\":\"WebPage\",\"@id\":\"https:\/\/www.stiftung-oekologie-u-demokratie.de\/T\/projekt-klimawandelanpassungscoach-rlp\/\",\"url\":\"https:\/\/www.stiftung-oekologie-u-demokratie.de\/T\/projekt-klimawandelanpassungscoach-rlp\/\",\"name\":\"Projekt: \u201eKlimawandelAnpassungsCOACH RLP\u201c - Stiftung f\u00fcr \u00d6kologie und Demokratie e.V.\",\"isPartOf\":{\"@id\":\"https:\/\/www.stiftung-oekologie-u-demokratie.de\/T\/#website\"},\"primaryImageOfPage\":{\"@id\":\"https:\/\/www.stiftung-oekologie-u-demokratie.de\/T\/projekt-klimawandelanpassungscoach-rlp\/#primaryimage\"},\"image\":{\"@id\":\"https:\/\/www.stiftung-oekologie-u-demokratie.de\/T\/projekt-klimawandelanpassungscoach-rlp\/#primaryimage\"},\"thumbnailUrl\":\"https:\/\/www.stiftung-oekologie-u-demokratie.de\/T\/wp-content\/uploads\/2017\/12\/Logo-08-1024x874.jpg\",\"datePublished\":\"2021-03-25T21:04:39+00:00\",\"dateModified\":\"2021-03-25T21:25:12+00:00\",\"description\":\"Die Stiftung f\u00fcr \u00d6kologie und Demokratie ist eine gemeinn\u00fctzige Organisation, ein auf Bundesebene von der Bundeszentrale f\u00fcr politische Bildung (BpB) anerkannter Tr\u00e4ger der politischen Bildung, der sich vor allem f\u00fcr Umwelt und die politische \u00d6kologie einsetzt.\",\"breadcrumb\":{\"@id\":\"https:\/\/www.stiftung-oekologie-u-demokratie.de\/T\/projekt-klimawandelanpassungscoach-rlp\/#breadcrumb\"},\"inLanguage\":\"de\",\"potentialAction\":[{\"@type\":\"ReadAction\",\"target\":[\"https:\/\/www.stiftung-oekologie-u-demokratie.de\/T\/projekt-klimawandelanpassungscoach-rlp\/\"]}]},{\"@type\":\"ImageObject\",\"inLanguage\":\"de\",\"@id\":\"https:\/\/www.stiftung-oekologie-u-demokratie.de\/T\/projekt-klimawandelanpassungscoach-rlp\/#primaryimage\",\"url\":\"https:\/\/www.stiftung-oekologie-u-demokratie.de\/T\/wp-content\/uploads\/2017\/12\/Logo-08.jpg\",\"contentUrl\":\"https:\/\/www.stiftung-oekologie-u-demokratie.de\/T\/wp-content\/uploads\/2017\/12\/Logo-08.jpg\",\"width\":1463,\"height\":1248},{\"@type\":\"BreadcrumbList\",\"@id\":\"https:\/\/www.stiftung-oekologie-u-demokratie.de\/T\/projekt-klimawandelanpassungscoach-rlp\/#breadcrumb\",\"itemListElement\":[{\"@type\":\"ListItem\",\"position\":1,\"name\":\"Home\",\"item\":\"https:\/\/www.stiftung-oekologie-u-demokratie.de\/T\/\"},{\"@type\":\"ListItem\",\"position\":2,\"name\":\"Projekt: \u201eKlimawandelAnpassungsCOACH RLP\u201c\"}]},{\"@type\":\"WebSite\",\"@id\":\"https:\/\/www.stiftung-oekologie-u-demokratie.de\/T\/#website\",\"url\":\"https:\/\/www.stiftung-oekologie-u-demokratie.de\/T\/\",\"name\":\"Stiftung f\u00fcr \u00d6kologie und Demokratie e.V.\",\"description\":\"Stiftung f\u00fcr \u00d6kologie und Demokratie e.V.\",\"potentialAction\":[{\"@type\":\"SearchAction\",\"target\":{\"@type\":\"EntryPoint\",\"urlTemplate\":\"https:\/\/www.stiftung-oekologie-u-demokratie.de\/T\/?s={search_term_string}\"},\"query-input\":{\"@type\":\"PropertyValueSpecification\",\"valueRequired\":true,\"valueName\":\"search_term_string\"}}],\"inLanguage\":\"de\"}]}<\/script>\n<!-- \/ Yoast SEO plugin. -->","yoast_head_json":{"title":"Projekt: \u201eKlimawandelAnpassungsCOACH RLP\u201c - Stiftung f\u00fcr \u00d6kologie und Demokratie e.V.","description":"Die Stiftung f\u00fcr \u00d6kologie und Demokratie ist eine gemeinn\u00fctzige Organisation, ein auf Bundesebene von der Bundeszentrale f\u00fcr politische Bildung (BpB) anerkannter Tr\u00e4ger der politischen Bildung, der sich vor allem f\u00fcr Umwelt und die politische \u00d6kologie einsetzt.","robots":{"index":"index","follow":"follow","max-snippet":"max-snippet:-1","max-image-preview":"max-image-preview:large","max-video-preview":"max-video-preview:-1"},"canonical":"https:\/\/www.stiftung-oekologie-u-demokratie.de\/T\/projekt-klimawandelanpassungscoach-rlp\/","og_locale":"de_DE","og_type":"article","og_title":"Projekt: \u201eKlimawandelAnpassungsCOACH RLP\u201c - Stiftung f\u00fcr \u00d6kologie und Demokratie e.V.","og_description":"Die Stiftung f\u00fcr \u00d6kologie und Demokratie ist eine gemeinn\u00fctzige Organisation, ein auf Bundesebene von der Bundeszentrale f\u00fcr politische Bildung (BpB) anerkannter Tr\u00e4ger der politischen Bildung, der sich vor allem f\u00fcr Umwelt und die politische \u00d6kologie einsetzt.","og_url":"https:\/\/www.stiftung-oekologie-u-demokratie.de\/T\/projekt-klimawandelanpassungscoach-rlp\/","og_site_name":"Stiftung f\u00fcr \u00d6kologie und Demokratie e.V.","article_modified_time":"2021-03-25T21:25:12+00:00","og_image":[{"url":"https:\/\/www.stiftung-oekologie-u-demokratie.de\/T\/wp-content\/uploads\/2017\/12\/Logo-08-1024x874.jpg","type":"","width":"","height":""}],"twitter_card":"summary_large_image","twitter_misc":{"Gesch\u00e4tzte Lesezeit":"2\u00a0Minuten"},"schema":{"@context":"https:\/\/schema.org","@graph":[{"@type":"WebPage","@id":"https:\/\/www.stiftung-oekologie-u-demokratie.de\/T\/projekt-klimawandelanpassungscoach-rlp\/","url":"https:\/\/www.stiftung-oekologie-u-demokratie.de\/T\/projekt-klimawandelanpassungscoach-rlp\/","name":"Projekt: \u201eKlimawandelAnpassungsCOACH RLP\u201c - Stiftung f\u00fcr \u00d6kologie und Demokratie e.V.","isPartOf":{"@id":"https:\/\/www.stiftung-oekologie-u-demokratie.de\/T\/#website"},"primaryImageOfPage":{"@id":"https:\/\/www.stiftung-oekologie-u-demokratie.de\/T\/projekt-klimawandelanpassungscoach-rlp\/#primaryimage"},"image":{"@id":"https:\/\/www.stiftung-oekologie-u-demokratie.de\/T\/projekt-klimawandelanpassungscoach-rlp\/#primaryimage"},"thumbnailUrl":"https:\/\/www.stiftung-oekologie-u-demokratie.de\/T\/wp-content\/uploads\/2017\/12\/Logo-08-1024x874.jpg","datePublished":"2021-03-25T21:04:39+00:00","dateModified":"2021-03-25T21:25:12+00:00","description":"Die Stiftung f\u00fcr \u00d6kologie und Demokratie ist eine gemeinn\u00fctzige Organisation, ein auf Bundesebene von der Bundeszentrale f\u00fcr politische Bildung (BpB) anerkannter Tr\u00e4ger der politischen Bildung, der sich vor allem f\u00fcr Umwelt und die politische \u00d6kologie einsetzt.","breadcrumb":{"@id":"https:\/\/www.stiftung-oekologie-u-demokratie.de\/T\/projekt-klimawandelanpassungscoach-rlp\/#breadcrumb"},"inLanguage":"de","potentialAction":[{"@type":"ReadAction","target":["https:\/\/www.stiftung-oekologie-u-demokratie.de\/T\/projekt-klimawandelanpassungscoach-rlp\/"]}]},{"@type":"ImageObject","inLanguage":"de","@id":"https:\/\/www.stiftung-oekologie-u-demokratie.de\/T\/projekt-klimawandelanpassungscoach-rlp\/#primaryimage","url":"https:\/\/www.stiftung-oekologie-u-demokratie.de\/T\/wp-content\/uploads\/2017\/12\/Logo-08.jpg","contentUrl":"https:\/\/www.stiftung-oekologie-u-demokratie.de\/T\/wp-content\/uploads\/2017\/12\/Logo-08.jpg","width":1463,"height":1248},{"@type":"BreadcrumbList","@id":"https:\/\/www.stiftung-oekologie-u-demokratie.de\/T\/projekt-klimawandelanpassungscoach-rlp\/#breadcrumb","itemListElement":[{"@type":"ListItem","position":1,"name":"Home","item":"https:\/\/www.stiftung-oekologie-u-demokratie.de\/T\/"},{"@type":"ListItem","position":2,"name":"Projekt: \u201eKlimawandelAnpassungsCOACH RLP\u201c"}]},{"@type":"WebSite","@id":"https:\/\/www.stiftung-oekologie-u-demokratie.de\/T\/#website","url":"https:\/\/www.stiftung-oekologie-u-demokratie.de\/T\/","name":"Stiftung f\u00fcr \u00d6kologie und Demokratie e.V.","description":"Stiftung f\u00fcr \u00d6kologie und Demokratie e.V.","potentialAction":[{"@type":"SearchAction","target":{"@type":"EntryPoint","urlTemplate":"https:\/\/www.stiftung-oekologie-u-demokratie.de\/T\/?s={search_term_string}"},"query-input":{"@type":"PropertyValueSpecification","valueRequired":true,"valueName":"search_term_string"}}],"inLanguage":"de"}]}},"_links":{"self":[{"href":"https:\/\/www.stiftung-oekologie-u-demokratie.de\/T\/wp-json\/wp\/v2\/pages\/57809","targetHints":{"allow":["GET"]}}],"collection":[{"href":"https:\/\/www.stiftung-oekologie-u-demokratie.de\/T\/wp-json\/wp\/v2\/pages"}],"about":[{"href":"https:\/\/www.stiftung-oekologie-u-demokratie.de\/T\/wp-json\/wp\/v2\/types\/page"}],"author":[{"embeddable":true,"href":"https:\/\/www.stiftung-oekologie-u-demokratie.de\/T\/wp-json\/wp\/v2\/users\/1"}],"replies":[{"embeddable":true,"href":"https:\/\/www.stiftung-oekologie-u-demokratie.de\/T\/wp-json\/wp\/v2\/comments?post=57809"}],"version-history":[{"count":12,"href":"https:\/\/www.stiftung-oekologie-u-demokratie.de\/T\/wp-json\/wp\/v2\/pages\/57809\/revisions"}],"predecessor-version":[{"id":57824,"href":"https:\/\/www.stiftung-oekologie-u-demokratie.de\/T\/wp-json\/wp\/v2\/pages\/57809\/revisions\/57824"}],"wp:attachment":[{"href":"https:\/\/www.stiftung-oekologie-u-demokratie.de\/T\/wp-json\/wp\/v2\/media?parent=57809"}],"curies":[{"name":"wp","href":"https:\/\/api.w.org\/{rel}","templated":true}]}}