{"id":201,"date":"2015-05-05T15:20:21","date_gmt":"2015-05-05T13:20:21","guid":{"rendered":"https:\/\/www.stiftung-oekologie-u-demokratie.de\/T\/?page_id=201"},"modified":"2024-11-11T22:51:18","modified_gmt":"2024-11-11T20:51:18","slug":"impressum","status":"publish","type":"page","link":"https:\/\/www.stiftung-oekologie-u-demokratie.de\/T\/impressum\/","title":{"rendered":"Impressum"},"content":{"rendered":"<p>Stiftung f\u00fcr \u00d6kologie und Demokratie e.V.<br \/>Siemensring 54<br \/>76761 R\u00fclzheim<\/p>\n<p>Tel.: 07272 \/ 3648<br \/>Fax.: 07272 \/ 76612<\/p>\n<p>Email: <a href=\"mailto:stiftung-fuer-oekologie-u-demo@t-online.de\">stiftung-fuer-oekologie-u-demo@t-online.de<\/a><\/p>\n<p>Vereinssitz \/ Registergericht<br \/>Registernr.: VR 6473<br \/>Vereinsregister Bonn \/ Amtsgericht Bonn<\/p>\n<p>Vorsitzender und V.i.S.d.R.<br \/>Markus Hollemann<\/p>\n<p>Die Stiftung f\u00fcr \u00d6kologie und Demokratie e.V. ist ein gemeinn\u00fctziger Verein (eingetragen im Vereinsregister des Amtsgerichts Bonn) mit dem Ziel der F\u00f6rderung der Volks- und Berufsbildung einschlie\u00dflich der Studentenhilfe und ist ein anerkannter Tr\u00e4ger der politischen Bildung auf Bundesebene.<\/p>\n<p>\u00a0<\/p>\n<h5><strong>Vorstandsmitglieder<\/strong><\/h5>\n<p>Vorsitzender: Markus Hollemann<\/p>\n<p>Stellvertretende Vorsitzende: Fabienne K\u00f6rner und Hans-Joachim Ritter<\/p>\n<p>Schatzmeister: Ulrich Brehme<\/p>\n<p>B\u00fcroleiterin: Hildegard Katharina Ritter<\/p>\n<p>\u00a0<\/p>\n<h5><strong>F\u00fcr die Datenverarbeitung Verantwortlichen<\/strong><\/h5>\n<p>Markus Hollemann, Hans-Joachim Ritter, Ulrich Brehme, Hildegard Katharina Ritter<\/p>\n<p>\u00a0<\/p>\n<h5><strong>Erhebung und Speicherung personenbezogener Daten sowie Art und Zweck von deren Verarbeitung<\/strong><\/h5>\n<h6><strong>\u00a0<\/strong>Beim Besuch der Website<\/h6>\n<p>Beim Aufrufen unserer Website werden durch den auf Ihrem Endger\u00e4t zum Einsatz kommenden Browser automatisch Informationen an den Server unserer Website gesendet. Folgende Informationen werden dabei ohne Ihr Zutun erfasst und bis zur automatisierten L\u00f6schung gespeichert:<\/p>\n<ul>\n<li>IP-Adresse des anfragenden Rechners,<\/li>\n<li>Datum und Uhrzeit des Zugriffs,<\/li>\n<li>Name und URL der abgerufenen Datei, Website, von der aus der Zugriff erfolgt (Referrer URL),<\/li>\n<li>verwendeter Browser und ggf. das Betriebssystem Ihres Rechners sowie der Name Ihres Access-Providers.<\/li>\n<\/ul>\n<p>Die genannten Daten werden durch uns zu folgenden Zwecken verarbeitet:<\/p>\n<ul>\n<li>Gew\u00e4hrleistung eines reibungslosen Verbindungsaufbaus der Website,<\/li>\n<li>Gew\u00e4hrleistung einer komfortablen Nutzung unserer Website,<\/li>\n<li>Auswertung der Systemsicherheit und -stabilit\u00e4t<\/li>\n<li>Tagungsteilnehmer\/innen und Interessenten-Adressen werden gespeichert, um sie zu Tagungen und Veranstaltungen einzuladen<\/li>\n<li>die Daten von Mitgliedern und F\u00f6rdermitgliedern werden zum Zwecke der Vereinsarbeit und zum Zwecke der finanziellen Unterst\u00fctzung gespeichert<\/li>\n<\/ul>\n<p>Die Rechtsgrundlage f\u00fcr die Datenverarbeitung ist Art. 6 Abs. 1 S. 1 lit. f \u00a0DS-GVO. Unser berechtigtes Interesse folgt aus oben aufgelisteten Zwecken zur Datenerhebung. In keinem Fall verwenden wir die erhobenen Daten zu dem Zweck, R\u00fcckschl\u00fcsse auf Ihre Person zu ziehen.<\/p>\n<p>Dar\u00fcber hinaus setzen wir beim Besuch unserer Website Analysedienste \u00a0\u00a0ein. N\u00e4here Erl\u00e4uterungen dazu erhalten Sie in den folgenden Punkten dieser Datenschutzerkl\u00e4rung.<\/p>\n<h6>Bei Anmeldung f\u00fcr unsere Newsletter<\/h6>\n<p>Sofern Sie nach Art. 6 Abs. 1 S. 1 lit. a) DS-GVO ausdr\u00fccklich eingewilligt \u00a0\u00a0\u00a0haben, verwenden wir Ihre E-Mail-Adresse (zus\u00e4tzliche Angaben sind optional) daf\u00fcr, Ihnen regelm\u00e4\u00dfig unsere Newsletter zu \u00fcbersenden. F\u00fcr den Empfang des Newsletters ist die Angabe einer E-Mail-Adresse ausreichend. Die Abmeldung ist jederzeit via E-Mail m\u00f6glich.<\/p>\n<h6>Bei Nutzung von Kontaktformularen<\/h6>\n<p>Bei Fragen jeglicher Art bieten wir Ihnen die M\u00f6glichkeit, mit uns \u00fcber ein auf der Website bereitgestelltes Formular Kontakt aufzunehmen. Dabei ist die Angabe einer g\u00fcltigen E-Mail-Adresse erforderlich, damit wir wissen, von wem die Anfrage stammt und um diese beantworten zu k\u00f6nnen. Weitere Angaben k\u00f6nnen freiwillig get\u00e4tigt werden. Die Datenverarbeitung zum Zwecke der Kontaktaufnahme mit uns erfolgt nach Art. 6 Abs. 1 S. 1 lit. a) DS-GVO auf Grundlage Ihrer freiwillig erteilten Einwilligung.<\/p>\n<h5><strong>Datenschutz: Weitergabe von Daten<\/strong><\/h5>\n<p>Eine \u00dcbermittlung Ihrer pers\u00f6nlichen Daten an Dritte zu anderen als den im Folgenden aufgef\u00fchrten Zwecken findet nicht statt.<\/p>\n<p>Wir geben Ihre pers\u00f6nlichen Daten nur an Dritte weiter, wenn:<\/p>\n<ul>\n<li>Sie Ihre nach Art. 6 Abs. 1 S. 1 lit. a) DS-GVO ausdr\u00fcckliche Einwilligung dazu erteilt haben,<\/li>\n<li>die Weitergabe nach Art. 6 Abs. 1 S. 1 lit. f) DS-GVO zur Geltendmachung, Aus\u00fcbung oder Verteidigung von Rechtsanspr\u00fcchen erforderlich ist und kein Grund zur Annahme besteht, dass Sie ein \u00fcberwiegendes schutzw\u00fcrdiges Interesse an der Nichtweitergabe Ihrer Daten haben,<\/li>\n<li>f\u00fcr den Fall, dass f\u00fcr die Weitergabe nach Art. 6 Abs. 1 S. 1 lit. c) DS-GVO eine gesetzliche Verpflichtung besteht, sowie<\/li>\n<li>dies gesetzlich zul\u00e4ssig und nach Art. 6 Abs. 1 S. 1 lit. b) DS-GVO f\u00fcr die Abwicklung von Vertragsverh\u00e4ltnissen mit Ihnen erforderlich ist.<\/li>\n<\/ul>\n\n\n<p><\/p>\n","protected":false},"excerpt":{"rendered":"<p>Stiftung f\u00fcr \u00d6kologie und Demokratie e.V.Siemensring 5476761 R\u00fclzheim Tel.: 07272 \/ 3648Fax.: 07272 \/ 76612 Email: stiftung-fuer-oekologie-u-demo@t-online.de Vereinssitz \/ RegistergerichtRegisternr.: VR 6473Vereinsregister Bonn \/ Amtsgericht Bonn Vorsitzender und V.i.S.d.R.Markus Hollemann Die Stiftung f\u00fcr \u00d6kologie und Demokratie e.V. ist ein gemeinn\u00fctziger Verein (eingetragen im Vereinsregister des Amtsgerichts Bonn) mit dem Ziel der F\u00f6rderung der Volks- und&hellip;<\/p>\n","protected":false},"author":1,"featured_media":0,"parent":0,"menu_order":0,"comment_status":"closed","ping_status":"closed","template":"","meta":[],"class_list":["post-201","page","type-page","status-publish","hentry","description-off"],"yoast_head":"<!-- This site is optimized with the Yoast SEO plugin v25.9 - https:\/\/yoast.com\/wordpress\/plugins\/seo\/ -->\n<title>Stiftung f\u00fcr Demokratie \u00d6kologie e.V. Impressum<\/title>\n<meta name=\"description\" content=\"Die Stiftung f\u00fcr \u00d6kologie und Demokratie ist eine gemeinn\u00fctzige Organisation, ein auf Bundesebene von der Bundeszentrale f\u00fcr politische Bildung (BpB) anerkannter Tr\u00e4ger der politischen Bildung, der sich vor allem f\u00fcr Umwelt und die politische \u00d6kologie einsetzt.\" \/>\n<meta name=\"robots\" content=\"index, follow, max-snippet:-1, max-image-preview:large, max-video-preview:-1\" \/>\n<link rel=\"canonical\" href=\"https:\/\/www.stiftung-oekologie-u-demokratie.de\/T\/impressum\/\" \/>\n<meta property=\"og:locale\" content=\"de_DE\" \/>\n<meta property=\"og:type\" content=\"article\" \/>\n<meta property=\"og:title\" content=\"Stiftung f\u00fcr Demokratie \u00d6kologie e.V. Impressum\" \/>\n<meta property=\"og:description\" content=\"Die Stiftung f\u00fcr \u00d6kologie und Demokratie ist eine gemeinn\u00fctzige Organisation, ein auf Bundesebene von der Bundeszentrale f\u00fcr politische Bildung (BpB) anerkannter Tr\u00e4ger der politischen Bildung, der sich vor allem f\u00fcr Umwelt und die politische \u00d6kologie einsetzt.\" \/>\n<meta property=\"og:url\" content=\"https:\/\/www.stiftung-oekologie-u-demokratie.de\/T\/impressum\/\" \/>\n<meta property=\"og:site_name\" content=\"Stiftung f\u00fcr \u00d6kologie und Demokratie e.V.\" \/>\n<meta property=\"article:modified_time\" content=\"2024-11-11T20:51:18+00:00\" \/>\n<meta name=\"twitter:card\" content=\"summary_large_image\" \/>\n<meta name=\"twitter:label1\" content=\"Gesch\u00e4tzte Lesezeit\" \/>\n\t<meta name=\"twitter:data1\" content=\"3\u00a0Minuten\" \/>\n<script type=\"application\/ld+json\" class=\"yoast-schema-graph\">{\"@context\":\"https:\/\/schema.org\",\"@graph\":[{\"@type\":\"WebPage\",\"@id\":\"https:\/\/www.stiftung-oekologie-u-demokratie.de\/T\/impressum\/\",\"url\":\"https:\/\/www.stiftung-oekologie-u-demokratie.de\/T\/impressum\/\",\"name\":\"Stiftung f\u00fcr Demokratie \u00d6kologie e.V. Impressum\",\"isPartOf\":{\"@id\":\"https:\/\/www.stiftung-oekologie-u-demokratie.de\/T\/#website\"},\"datePublished\":\"2015-05-05T13:20:21+00:00\",\"dateModified\":\"2024-11-11T20:51:18+00:00\",\"description\":\"Die Stiftung f\u00fcr \u00d6kologie und Demokratie ist eine gemeinn\u00fctzige Organisation, ein auf Bundesebene von der Bundeszentrale f\u00fcr politische Bildung (BpB) anerkannter Tr\u00e4ger der politischen Bildung, der sich vor allem f\u00fcr Umwelt und die politische \u00d6kologie einsetzt.\",\"breadcrumb\":{\"@id\":\"https:\/\/www.stiftung-oekologie-u-demokratie.de\/T\/impressum\/#breadcrumb\"},\"inLanguage\":\"de\",\"potentialAction\":[{\"@type\":\"ReadAction\",\"target\":[\"https:\/\/www.stiftung-oekologie-u-demokratie.de\/T\/impressum\/\"]}]},{\"@type\":\"BreadcrumbList\",\"@id\":\"https:\/\/www.stiftung-oekologie-u-demokratie.de\/T\/impressum\/#breadcrumb\",\"itemListElement\":[{\"@type\":\"ListItem\",\"position\":1,\"name\":\"Home\",\"item\":\"https:\/\/www.stiftung-oekologie-u-demokratie.de\/T\/\"},{\"@type\":\"ListItem\",\"position\":2,\"name\":\"Impressum\"}]},{\"@type\":\"WebSite\",\"@id\":\"https:\/\/www.stiftung-oekologie-u-demokratie.de\/T\/#website\",\"url\":\"https:\/\/www.stiftung-oekologie-u-demokratie.de\/T\/\",\"name\":\"Stiftung f\u00fcr \u00d6kologie und Demokratie e.V.\",\"description\":\"Stiftung f\u00fcr \u00d6kologie und Demokratie e.V.\",\"potentialAction\":[{\"@type\":\"SearchAction\",\"target\":{\"@type\":\"EntryPoint\",\"urlTemplate\":\"https:\/\/www.stiftung-oekologie-u-demokratie.de\/T\/?s={search_term_string}\"},\"query-input\":{\"@type\":\"PropertyValueSpecification\",\"valueRequired\":true,\"valueName\":\"search_term_string\"}}],\"inLanguage\":\"de\"}]}<\/script>\n<!-- \/ Yoast SEO plugin. -->","yoast_head_json":{"title":"Stiftung f\u00fcr Demokratie \u00d6kologie e.V. Impressum","description":"Die Stiftung f\u00fcr \u00d6kologie und Demokratie ist eine gemeinn\u00fctzige Organisation, ein auf Bundesebene von der Bundeszentrale f\u00fcr politische Bildung (BpB) anerkannter Tr\u00e4ger der politischen Bildung, der sich vor allem f\u00fcr Umwelt und die politische \u00d6kologie einsetzt.","robots":{"index":"index","follow":"follow","max-snippet":"max-snippet:-1","max-image-preview":"max-image-preview:large","max-video-preview":"max-video-preview:-1"},"canonical":"https:\/\/www.stiftung-oekologie-u-demokratie.de\/T\/impressum\/","og_locale":"de_DE","og_type":"article","og_title":"Stiftung f\u00fcr Demokratie \u00d6kologie e.V. Impressum","og_description":"Die Stiftung f\u00fcr \u00d6kologie und Demokratie ist eine gemeinn\u00fctzige Organisation, ein auf Bundesebene von der Bundeszentrale f\u00fcr politische Bildung (BpB) anerkannter Tr\u00e4ger der politischen Bildung, der sich vor allem f\u00fcr Umwelt und die politische \u00d6kologie einsetzt.","og_url":"https:\/\/www.stiftung-oekologie-u-demokratie.de\/T\/impressum\/","og_site_name":"Stiftung f\u00fcr \u00d6kologie und Demokratie e.V.","article_modified_time":"2024-11-11T20:51:18+00:00","twitter_card":"summary_large_image","twitter_misc":{"Gesch\u00e4tzte Lesezeit":"3\u00a0Minuten"},"schema":{"@context":"https:\/\/schema.org","@graph":[{"@type":"WebPage","@id":"https:\/\/www.stiftung-oekologie-u-demokratie.de\/T\/impressum\/","url":"https:\/\/www.stiftung-oekologie-u-demokratie.de\/T\/impressum\/","name":"Stiftung f\u00fcr Demokratie \u00d6kologie e.V. Impressum","isPartOf":{"@id":"https:\/\/www.stiftung-oekologie-u-demokratie.de\/T\/#website"},"datePublished":"2015-05-05T13:20:21+00:00","dateModified":"2024-11-11T20:51:18+00:00","description":"Die Stiftung f\u00fcr \u00d6kologie und Demokratie ist eine gemeinn\u00fctzige Organisation, ein auf Bundesebene von der Bundeszentrale f\u00fcr politische Bildung (BpB) anerkannter Tr\u00e4ger der politischen Bildung, der sich vor allem f\u00fcr Umwelt und die politische \u00d6kologie einsetzt.","breadcrumb":{"@id":"https:\/\/www.stiftung-oekologie-u-demokratie.de\/T\/impressum\/#breadcrumb"},"inLanguage":"de","potentialAction":[{"@type":"ReadAction","target":["https:\/\/www.stiftung-oekologie-u-demokratie.de\/T\/impressum\/"]}]},{"@type":"BreadcrumbList","@id":"https:\/\/www.stiftung-oekologie-u-demokratie.de\/T\/impressum\/#breadcrumb","itemListElement":[{"@type":"ListItem","position":1,"name":"Home","item":"https:\/\/www.stiftung-oekologie-u-demokratie.de\/T\/"},{"@type":"ListItem","position":2,"name":"Impressum"}]},{"@type":"WebSite","@id":"https:\/\/www.stiftung-oekologie-u-demokratie.de\/T\/#website","url":"https:\/\/www.stiftung-oekologie-u-demokratie.de\/T\/","name":"Stiftung f\u00fcr \u00d6kologie und Demokratie e.V.","description":"Stiftung f\u00fcr \u00d6kologie und Demokratie e.V.","potentialAction":[{"@type":"SearchAction","target":{"@type":"EntryPoint","urlTemplate":"https:\/\/www.stiftung-oekologie-u-demokratie.de\/T\/?s={search_term_string}"},"query-input":{"@type":"PropertyValueSpecification","valueRequired":true,"valueName":"search_term_string"}}],"inLanguage":"de"}]}},"_links":{"self":[{"href":"https:\/\/www.stiftung-oekologie-u-demokratie.de\/T\/wp-json\/wp\/v2\/pages\/201","targetHints":{"allow":["GET"]}}],"collection":[{"href":"https:\/\/www.stiftung-oekologie-u-demokratie.de\/T\/wp-json\/wp\/v2\/pages"}],"about":[{"href":"https:\/\/www.stiftung-oekologie-u-demokratie.de\/T\/wp-json\/wp\/v2\/types\/page"}],"author":[{"embeddable":true,"href":"https:\/\/www.stiftung-oekologie-u-demokratie.de\/T\/wp-json\/wp\/v2\/users\/1"}],"replies":[{"embeddable":true,"href":"https:\/\/www.stiftung-oekologie-u-demokratie.de\/T\/wp-json\/wp\/v2\/comments?post=201"}],"version-history":[{"count":23,"href":"https:\/\/www.stiftung-oekologie-u-demokratie.de\/T\/wp-json\/wp\/v2\/pages\/201\/revisions"}],"predecessor-version":[{"id":58125,"href":"https:\/\/www.stiftung-oekologie-u-demokratie.de\/T\/wp-json\/wp\/v2\/pages\/201\/revisions\/58125"}],"wp:attachment":[{"href":"https:\/\/www.stiftung-oekologie-u-demokratie.de\/T\/wp-json\/wp\/v2\/media?parent=201"}],"curies":[{"name":"wp","href":"https:\/\/api.w.org\/{rel}","templated":true}]}}