{"id":154,"date":"2015-04-30T14:30:10","date_gmt":"2015-04-30T12:30:10","guid":{"rendered":"https:\/\/www.stiftung-oekologie-u-demokratie.de\/T\/?page_id=154"},"modified":"2026-03-31T21:32:04","modified_gmt":"2026-03-31T19:32:04","slug":"leitbild","status":"publish","type":"page","link":"https:\/\/www.stiftung-oekologie-u-demokratie.de\/T\/leitbild\/","title":{"rendered":"Leitbild der Stiftung f\u00fcr \u00d6kologie und Demokratie"},"content":{"rendered":"<div id=\"pl-154\"  class=\"panel-layout\" ><div id=\"pg-154-0\"  class=\"panel-grid panel-no-style\" ><div id=\"pgc-154-0-0\"  class=\"panel-grid-cell panel-grid-cell-mobile-last\" ><div id=\"panel-154-0-0-0\" class=\"so-panel widget widget_text panel-first-child panel-last-child\" data-index=\"0\" >\t\t\t<div class=\"textwidget\">Die Stiftung f\u00fcr \u00d6kologie und Demokratie e.V. ist eine gemeinn\u00fctzige Organisation, ein anerkannter Tr\u00e4ger der politischen Bildung auf Bundesebene. <\/div>\n\t\t<\/div><\/div><div id=\"pgc-154-0-1\"  class=\"panel-grid-cell panel-grid-cell-empty\" ><\/div><\/div><div id=\"pg-154-1\"  class=\"panel-grid panel-no-style\" ><div id=\"pgc-154-1-0\"  class=\"panel-grid-cell panel-grid-cell-mobile-last\" ><div id=\"panel-154-1-0-0\" class=\"so-panel widget widget_text panel-first-child panel-last-child\" data-index=\"1\" >\t\t\t<div class=\"textwidget\"><br>\n<br>\n<h3>Herausforderung<\/h3>\n<br>\n<br>\nDie Stiftung f\u00fcr \u00d6kologie und Demokratie e.V. sieht im Bev\u00f6lkerungswachstum und im steigenden Ressourcenverbrauch durch ungebremsten Materialismus und Machtstreben die gro\u00dfen globalen Herausforderungen.\n\nDeshalb f\u00fchlt sich die Stiftung f\u00fcr \u00d6kologie und Demokratie e.V. aufgerufen, lokal und regional dem entgegenzuwirken. Sie orientiert sich dabei an folgendem Grundsatz und Zielen:\n<br>\n<br><br>\n<br>\n\n<\/div>\n\t\t<\/div><\/div><div id=\"pgc-154-1-1\"  class=\"panel-grid-cell panel-grid-cell-empty\" ><\/div><\/div><div id=\"pg-154-2\"  class=\"panel-grid panel-no-style\" ><div id=\"pgc-154-2-0\"  class=\"panel-grid-cell panel-grid-cell-mobile-last\" ><div id=\"panel-154-2-0-0\" class=\"so-panel widget widget_text panel-first-child panel-last-child\" data-index=\"2\" >\t\t\t<div class=\"textwidget\"><h3>Grundsatz<\/h3>\n<br>\n<br>\nDie Stiftung f\u00fcr \u00d6kologie und Demokratie e.V. geht von einem umfassenden und ganzheitlichen \u00d6kologie-Begriff aus. Sie engagiert sich auf dieser Grundlage und bewahrender Wertorientierung zugunsten einer \u00d6kologisierung aller Gesellschafts- und Lebensbereiche im Sinne der Demokratie.\n<br>\n<br>\n<a href=\"https:\/\/www.stiftung-oekologie-u-demokratie.de\/T\/wp-content\/uploads\/2026\/03\/Begriff-__Oekologie__.pdf\" target=\"_blank\">Begriff \u00d6kologie<\/a> Vortrag von Hans-Joachim Ritter<br>\n<br>\n\n<\/div>\n\t\t<\/div><\/div><div id=\"pgc-154-2-1\"  class=\"panel-grid-cell panel-grid-cell-empty\" ><\/div><\/div><div id=\"pg-154-3\"  class=\"panel-grid panel-no-style\" ><div id=\"pgc-154-3-0\"  class=\"panel-grid-cell panel-grid-cell-mobile-last\" ><div id=\"panel-154-3-0-0\" class=\"so-panel widget widget_text panel-first-child panel-last-child\" data-index=\"3\" >\t\t\t<div class=\"textwidget\">\n\n<h3>Ziele<\/h3>\n<br>\n<br>\nEin zentrales Ziel der Stiftung f\u00fcr \u00d6kologie und Demokratie e.V. ist die Fortentwicklung der sozialen Marktwirtschaft zu einer \u00f6kologisch-sozialen Marktwirtschaft, die dauerhaft zukunftsf\u00e4hig ist.\n\nWeiteres Ziel ist es, \u00f6kologisches und demokratisches Bewusstsein zu wecken und zu f\u00f6rdern.\n\n<br>\n<br><br>\n<br>\n<\/div>\n\t\t<\/div><\/div><div id=\"pgc-154-3-1\"  class=\"panel-grid-cell panel-grid-cell-empty\" ><\/div><\/div><div id=\"pg-154-4\"  class=\"panel-grid panel-no-style\" ><div id=\"pgc-154-4-0\"  class=\"panel-grid-cell panel-grid-cell-mobile-last\" ><div id=\"panel-154-4-0-0\" class=\"so-panel widget widget_text panel-first-child panel-last-child\" data-index=\"4\" >\t\t\t<div class=\"textwidget\"><h3>Ma\u00dfnahmen<\/h3>\n<br>\n<br>\nDie Stiftung f\u00fcr \u00d6kologie und Demokratie e.V. verfolgt zur Umsetzung der oben genannten Grunds\u00e4tze und Ziele folgende Ma\u00dfnahmen:<br><br>\n<ul>\n<li> - Politische Bildungsma\u00dfnahmen<\/li>\n<li>   Beispiel: Tagungen und Seminare, die sich am Prinzip \u201cGut leben statt viel haben\u201d orientieren<\/li><br>\n<li> - Unterst\u00fctzung von Entwicklungsprojekten<\/li>\n<li>   Beispiel: Agro-Forstprojekte<\/li><br>\n<li> - F\u00f6rderung des \u00d6kologiegedankens<\/li>\n<li>   Beispiel: Preisvergaben<\/li><br>\n<li> - Ma\u00dfnahmen zugunsten einer \u00f6kologisch-sozialen Marktwirtschaft<\/li>\n<li>   Beispiel: Ausrufung des \u201cTages der \u00f6kologisch-sozialen Marktwirtschaft\u201d (12. September)<\/li><br>\n<li> - Gr\u00fcndung von weiteren an den Grunds\u00e4tzen der Stiftung orientierten Institutionen<\/li>\n<li>   Beispiel: Gr\u00fcndung der EnergieAgentur Speyer-Neustadt\/S\u00fcdpfalz<\/li>\n<\/ul><\/div>\n\t\t<\/div><\/div><div id=\"pgc-154-4-1\"  class=\"panel-grid-cell panel-grid-cell-empty\" ><\/div><\/div><\/div>","protected":false},"excerpt":{"rendered":"<p>Die Stiftung f\u00fcr \u00d6kologie und Demokratie e.V. ist eine gemeinn\u00fctzige Organisation, ein anerkannter Tr\u00e4ger der politischen Bildung auf Bundesebene. Herausforderung Die Stiftung f\u00fcr \u00d6kologie und Demokratie e.V. sieht im Bev\u00f6lkerungswachstum und im steigenden Ressourcenverbrauch durch ungebremsten Materialismus und Machtstreben die gro\u00dfen globalen Herausforderungen. Deshalb f\u00fchlt sich die Stiftung f\u00fcr \u00d6kologie und Demokratie e.V. aufgerufen, lokal&hellip;<\/p>\n","protected":false},"author":1,"featured_media":0,"parent":0,"menu_order":0,"comment_status":"closed","ping_status":"closed","template":"","meta":[],"class_list":["post-154","page","type-page","status-publish","hentry","description-off"],"yoast_head":"<!-- This site is optimized with the Yoast SEO plugin v25.9 - https:\/\/yoast.com\/wordpress\/plugins\/seo\/ -->\n<title>Leitbild der Stiftung f\u00fcr \u00d6kologie und Demokratie e.V.<\/title>\n<meta name=\"description\" content=\"Die Stiftung f\u00fcr \u00d6kologie und Demokratie ist eine gemeinn\u00fctzige Organisation, ein auf Bundesebene von der Bundeszentrale f\u00fcr politische Bildung (BpB) anerkannter Tr\u00e4ger der politischen Bildung, der sich vor allem f\u00fcr Umwelt und die politische \u00d6kologie einsetzt.\" \/>\n<meta name=\"robots\" content=\"index, follow, max-snippet:-1, max-image-preview:large, max-video-preview:-1\" \/>\n<link rel=\"canonical\" href=\"https:\/\/www.stiftung-oekologie-u-demokratie.de\/T\/leitbild\/\" \/>\n<meta property=\"og:locale\" content=\"de_DE\" \/>\n<meta property=\"og:type\" content=\"article\" \/>\n<meta property=\"og:title\" content=\"Leitbild der Stiftung f\u00fcr \u00d6kologie und Demokratie e.V.\" \/>\n<meta property=\"og:description\" content=\"Die Stiftung f\u00fcr \u00d6kologie und Demokratie ist eine gemeinn\u00fctzige Organisation, ein auf Bundesebene von der Bundeszentrale f\u00fcr politische Bildung (BpB) anerkannter Tr\u00e4ger der politischen Bildung, der sich vor allem f\u00fcr Umwelt und die politische \u00d6kologie einsetzt.\" \/>\n<meta property=\"og:url\" content=\"https:\/\/www.stiftung-oekologie-u-demokratie.de\/T\/leitbild\/\" \/>\n<meta property=\"og:site_name\" content=\"Stiftung f\u00fcr \u00d6kologie und Demokratie e.V.\" \/>\n<meta property=\"article:modified_time\" content=\"2026-03-31T19:32:04+00:00\" \/>\n<meta name=\"twitter:card\" content=\"summary_large_image\" \/>\n<meta name=\"twitter:label1\" content=\"Gesch\u00e4tzte Lesezeit\" \/>\n\t<meta name=\"twitter:data1\" content=\"2\u00a0Minuten\" \/>\n<script type=\"application\/ld+json\" class=\"yoast-schema-graph\">{\"@context\":\"https:\/\/schema.org\",\"@graph\":[{\"@type\":\"WebPage\",\"@id\":\"https:\/\/www.stiftung-oekologie-u-demokratie.de\/T\/leitbild\/\",\"url\":\"https:\/\/www.stiftung-oekologie-u-demokratie.de\/T\/leitbild\/\",\"name\":\"Leitbild der Stiftung f\u00fcr \u00d6kologie und Demokratie e.V.\",\"isPartOf\":{\"@id\":\"https:\/\/www.stiftung-oekologie-u-demokratie.de\/T\/#website\"},\"datePublished\":\"2015-04-30T12:30:10+00:00\",\"dateModified\":\"2026-03-31T19:32:04+00:00\",\"description\":\"Die Stiftung f\u00fcr \u00d6kologie und Demokratie ist eine gemeinn\u00fctzige Organisation, ein auf Bundesebene von der Bundeszentrale f\u00fcr politische Bildung (BpB) anerkannter Tr\u00e4ger der politischen Bildung, der sich vor allem f\u00fcr Umwelt und die politische \u00d6kologie einsetzt.\",\"breadcrumb\":{\"@id\":\"https:\/\/www.stiftung-oekologie-u-demokratie.de\/T\/leitbild\/#breadcrumb\"},\"inLanguage\":\"de\",\"potentialAction\":[{\"@type\":\"ReadAction\",\"target\":[\"https:\/\/www.stiftung-oekologie-u-demokratie.de\/T\/leitbild\/\"]}]},{\"@type\":\"BreadcrumbList\",\"@id\":\"https:\/\/www.stiftung-oekologie-u-demokratie.de\/T\/leitbild\/#breadcrumb\",\"itemListElement\":[{\"@type\":\"ListItem\",\"position\":1,\"name\":\"Home\",\"item\":\"https:\/\/www.stiftung-oekologie-u-demokratie.de\/T\/\"},{\"@type\":\"ListItem\",\"position\":2,\"name\":\"Leitbild der Stiftung f\u00fcr \u00d6kologie und Demokratie\"}]},{\"@type\":\"WebSite\",\"@id\":\"https:\/\/www.stiftung-oekologie-u-demokratie.de\/T\/#website\",\"url\":\"https:\/\/www.stiftung-oekologie-u-demokratie.de\/T\/\",\"name\":\"Stiftung f\u00fcr \u00d6kologie und Demokratie e.V.\",\"description\":\"Stiftung f\u00fcr \u00d6kologie und Demokratie e.V.\",\"potentialAction\":[{\"@type\":\"SearchAction\",\"target\":{\"@type\":\"EntryPoint\",\"urlTemplate\":\"https:\/\/www.stiftung-oekologie-u-demokratie.de\/T\/?s={search_term_string}\"},\"query-input\":{\"@type\":\"PropertyValueSpecification\",\"valueRequired\":true,\"valueName\":\"search_term_string\"}}],\"inLanguage\":\"de\"}]}<\/script>\n<!-- \/ Yoast SEO plugin. -->","yoast_head_json":{"title":"Leitbild der Stiftung f\u00fcr \u00d6kologie und Demokratie e.V.","description":"Die Stiftung f\u00fcr \u00d6kologie und Demokratie ist eine gemeinn\u00fctzige Organisation, ein auf Bundesebene von der Bundeszentrale f\u00fcr politische Bildung (BpB) anerkannter Tr\u00e4ger der politischen Bildung, der sich vor allem f\u00fcr Umwelt und die politische \u00d6kologie einsetzt.","robots":{"index":"index","follow":"follow","max-snippet":"max-snippet:-1","max-image-preview":"max-image-preview:large","max-video-preview":"max-video-preview:-1"},"canonical":"https:\/\/www.stiftung-oekologie-u-demokratie.de\/T\/leitbild\/","og_locale":"de_DE","og_type":"article","og_title":"Leitbild der Stiftung f\u00fcr \u00d6kologie und Demokratie e.V.","og_description":"Die Stiftung f\u00fcr \u00d6kologie und Demokratie ist eine gemeinn\u00fctzige Organisation, ein auf Bundesebene von der Bundeszentrale f\u00fcr politische Bildung (BpB) anerkannter Tr\u00e4ger der politischen Bildung, der sich vor allem f\u00fcr Umwelt und die politische \u00d6kologie einsetzt.","og_url":"https:\/\/www.stiftung-oekologie-u-demokratie.de\/T\/leitbild\/","og_site_name":"Stiftung f\u00fcr \u00d6kologie und Demokratie e.V.","article_modified_time":"2026-03-31T19:32:04+00:00","twitter_card":"summary_large_image","twitter_misc":{"Gesch\u00e4tzte Lesezeit":"2\u00a0Minuten"},"schema":{"@context":"https:\/\/schema.org","@graph":[{"@type":"WebPage","@id":"https:\/\/www.stiftung-oekologie-u-demokratie.de\/T\/leitbild\/","url":"https:\/\/www.stiftung-oekologie-u-demokratie.de\/T\/leitbild\/","name":"Leitbild der Stiftung f\u00fcr \u00d6kologie und Demokratie e.V.","isPartOf":{"@id":"https:\/\/www.stiftung-oekologie-u-demokratie.de\/T\/#website"},"datePublished":"2015-04-30T12:30:10+00:00","dateModified":"2026-03-31T19:32:04+00:00","description":"Die Stiftung f\u00fcr \u00d6kologie und Demokratie ist eine gemeinn\u00fctzige Organisation, ein auf Bundesebene von der Bundeszentrale f\u00fcr politische Bildung (BpB) anerkannter Tr\u00e4ger der politischen Bildung, der sich vor allem f\u00fcr Umwelt und die politische \u00d6kologie einsetzt.","breadcrumb":{"@id":"https:\/\/www.stiftung-oekologie-u-demokratie.de\/T\/leitbild\/#breadcrumb"},"inLanguage":"de","potentialAction":[{"@type":"ReadAction","target":["https:\/\/www.stiftung-oekologie-u-demokratie.de\/T\/leitbild\/"]}]},{"@type":"BreadcrumbList","@id":"https:\/\/www.stiftung-oekologie-u-demokratie.de\/T\/leitbild\/#breadcrumb","itemListElement":[{"@type":"ListItem","position":1,"name":"Home","item":"https:\/\/www.stiftung-oekologie-u-demokratie.de\/T\/"},{"@type":"ListItem","position":2,"name":"Leitbild der Stiftung f\u00fcr \u00d6kologie und Demokratie"}]},{"@type":"WebSite","@id":"https:\/\/www.stiftung-oekologie-u-demokratie.de\/T\/#website","url":"https:\/\/www.stiftung-oekologie-u-demokratie.de\/T\/","name":"Stiftung f\u00fcr \u00d6kologie und Demokratie e.V.","description":"Stiftung f\u00fcr \u00d6kologie und Demokratie e.V.","potentialAction":[{"@type":"SearchAction","target":{"@type":"EntryPoint","urlTemplate":"https:\/\/www.stiftung-oekologie-u-demokratie.de\/T\/?s={search_term_string}"},"query-input":{"@type":"PropertyValueSpecification","valueRequired":true,"valueName":"search_term_string"}}],"inLanguage":"de"}]}},"_links":{"self":[{"href":"https:\/\/www.stiftung-oekologie-u-demokratie.de\/T\/wp-json\/wp\/v2\/pages\/154","targetHints":{"allow":["GET"]}}],"collection":[{"href":"https:\/\/www.stiftung-oekologie-u-demokratie.de\/T\/wp-json\/wp\/v2\/pages"}],"about":[{"href":"https:\/\/www.stiftung-oekologie-u-demokratie.de\/T\/wp-json\/wp\/v2\/types\/page"}],"author":[{"embeddable":true,"href":"https:\/\/www.stiftung-oekologie-u-demokratie.de\/T\/wp-json\/wp\/v2\/users\/1"}],"replies":[{"embeddable":true,"href":"https:\/\/www.stiftung-oekologie-u-demokratie.de\/T\/wp-json\/wp\/v2\/comments?post=154"}],"version-history":[{"count":36,"href":"https:\/\/www.stiftung-oekologie-u-demokratie.de\/T\/wp-json\/wp\/v2\/pages\/154\/revisions"}],"predecessor-version":[{"id":58256,"href":"https:\/\/www.stiftung-oekologie-u-demokratie.de\/T\/wp-json\/wp\/v2\/pages\/154\/revisions\/58256"}],"wp:attachment":[{"href":"https:\/\/www.stiftung-oekologie-u-demokratie.de\/T\/wp-json\/wp\/v2\/media?parent=154"}],"curies":[{"name":"wp","href":"https:\/\/api.w.org\/{rel}","templated":true}]}}