{"id":131,"date":"2015-04-28T22:06:25","date_gmt":"2015-04-28T20:06:25","guid":{"rendered":"https:\/\/www.stiftung-oekologie-u-demokratie.de\/T\/?page_id=131"},"modified":"2021-01-09T21:19:23","modified_gmt":"2021-01-09T19:19:23","slug":"zustiftenvererbenspenden","status":"publish","type":"page","link":"https:\/\/www.stiftung-oekologie-u-demokratie.de\/T\/zustiftenvererbenspenden\/","title":{"rendered":"Zustiften \/ Vererben \/ Spenden"},"content":{"rendered":"<h4><strong>Zustiftungen<\/strong><\/h4>\n<p>Die Stiftung f\u00fcr \u00d6kologie und Demokratie will, da\u00df durch Zustiftungen, Erbschaften und Verm\u00e4chtnisse das Stiftungskapital kontinuierlich aufgestockt wird, um dadurch langfristig und nachhaltig die Anliegen der \u00d6kologie und Demokratie wirksam zu f\u00f6rdern.<\/p>\n<p>Daf\u00fcr werden Zustifterinnen und Zustifter gesucht, die bereit sind, Betr\u00e4ge ab 500 \u20ac in das Stiftungskapital zuzustiften. Die Zustifterinnen und Zustifter d\u00fcrfen sich in unserem &#8222;Buch der Stifter&#8220; verewigen. Bei gr\u00f6\u00dferen Zustiftungen ist es auch m\u00f6glich, diese unter dem Namen der Zustifterin bzw. des Zustifters vorzunehmen.<\/p>\n<p>Mit der Zustiftung in das Stiftungskapital verbessern Sie die Grundlage der Stiftung. Mit den j\u00e4hrlichen Aussch\u00fcttungen der Zinsertr\u00e4ge zugunsten von Projekten des e.V. verfolgt die Stiftung ihren Stiftungszweck.<\/p>\n<p>Aus Sicherheitsgr\u00fcnden ver\u00f6ffentlichen wir unsere Konto-Nummern nicht auf unserer Homepage. Unsere Bankverbindung f\u00fcr Zustiftungen und Spenden teilen wir Ihnen gerne fernm\u00fcndlich mit.<\/p>\n<h4><strong>Vererben<\/strong><\/h4>\n<p>Ihre Erbschaft kommt dem Stiftungskapital zugute. Sie unterst\u00fctzen damit nachhaltig eine seri\u00f6se Arbeit zugunsten der \u00d6kologie und Demokratie \u00fcber Ihren Tod hinaus.<br \/>\nBar-Mittel flie\u00dfen unmittelbar dem Stiftungszweck zu, Sach- und Wertgegenst\u00e4nde oder Immobilien werden je nach Wunsch des Erblassers erhalten und dienen somit dem Stiftungszweck. Die Betr\u00e4ge etwa aus Mieteinnahmen von Immobilien flie\u00dfen ebenfalls in das Stiftungskapital.<br \/>\nEs ist ein ganz besonderes Zeichen, wenn ein Verm\u00f6gen als Ergebnis einer ganzen Lebensleistung, das mit viel Energie und Kreativit\u00e4t f\u00fcr sich und Ihre Angeh\u00f6rigen erarbeitet und geschaffen wurde, unserer Stiftung zur Verf\u00fcgung gestellt wird. Somit arbeitet Ihr Erbe bzw. Ihr Verm\u00e4chtnis \u00fcber Ihren Tod hinaus zugunsten des Anliegens weiter, das Ihnen schon zu Lebzeiten sehr wichtig war.<\/p>\n<h4><strong>Spenden<\/strong><\/h4>\n<p>Unser e.V. nimmt gerne F\u00f6rdermitgliedschaften zur Unterst\u00fctzung der laufenden Arbeit entgegen. Hier\u00fcber erhalten Sie jeweils eine Spendenbescheinigung.<\/p>\n[contact-form-7 id=&#8220;157&#8243; title=&#8220;F\u00f6rderung html_id=&#8220;Spende&#8220;]\n","protected":false},"excerpt":{"rendered":"<p>Zustiftungen Die Stiftung f\u00fcr \u00d6kologie und Demokratie will, da\u00df durch Zustiftungen, Erbschaften und Verm\u00e4chtnisse das Stiftungskapital kontinuierlich aufgestockt wird, um dadurch langfristig und nachhaltig die Anliegen der \u00d6kologie und Demokratie wirksam zu f\u00f6rdern. Daf\u00fcr werden Zustifterinnen und Zustifter gesucht, die bereit sind, Betr\u00e4ge ab 500 \u20ac in das Stiftungskapital zuzustiften. Die Zustifterinnen und Zustifter d\u00fcrfen&hellip;<\/p>\n","protected":false},"author":1,"featured_media":0,"parent":0,"menu_order":0,"comment_status":"closed","ping_status":"closed","template":"","meta":[],"class_list":["post-131","page","type-page","status-publish","hentry","description-off"],"yoast_head":"<!-- This site is optimized with the Yoast SEO plugin v25.9 - https:\/\/yoast.com\/wordpress\/plugins\/seo\/ -->\n<title>Stiftung f\u00fcr \u00d6kologie und Demokratie e.V. - Zustiften \/ Vererben \/ Spenden<\/title>\n<meta name=\"description\" content=\"Die Stiftung f\u00fcr \u00d6kologie und Demokratie ist eine gemeinn\u00fctzige Organisation, ein auf Bundesebene von der Bundeszentrale f\u00fcr politische Bildung (BpB) anerkannter Tr\u00e4ger der politischen Bildung, der sich vor allem f\u00fcr Umwelt und die politische \u00d6kologie einsetzt.\" \/>\n<meta name=\"robots\" content=\"index, follow, max-snippet:-1, max-image-preview:large, max-video-preview:-1\" \/>\n<link rel=\"canonical\" href=\"https:\/\/www.stiftung-oekologie-u-demokratie.de\/T\/zustiftenvererbenspenden\/\" \/>\n<meta property=\"og:locale\" content=\"de_DE\" \/>\n<meta property=\"og:type\" content=\"article\" \/>\n<meta property=\"og:title\" content=\"Stiftung f\u00fcr \u00d6kologie und Demokratie e.V. - Zustiften \/ Vererben \/ Spenden\" \/>\n<meta property=\"og:description\" content=\"Die Stiftung f\u00fcr \u00d6kologie und Demokratie ist eine gemeinn\u00fctzige Organisation, ein auf Bundesebene von der Bundeszentrale f\u00fcr politische Bildung (BpB) anerkannter Tr\u00e4ger der politischen Bildung, der sich vor allem f\u00fcr Umwelt und die politische \u00d6kologie einsetzt.\" \/>\n<meta property=\"og:url\" content=\"https:\/\/www.stiftung-oekologie-u-demokratie.de\/T\/zustiftenvererbenspenden\/\" \/>\n<meta property=\"og:site_name\" content=\"Stiftung f\u00fcr \u00d6kologie und Demokratie e.V.\" \/>\n<meta property=\"article:modified_time\" content=\"2021-01-09T19:19:23+00:00\" \/>\n<meta name=\"twitter:card\" content=\"summary_large_image\" \/>\n<meta name=\"twitter:label1\" content=\"Gesch\u00e4tzte Lesezeit\" \/>\n\t<meta name=\"twitter:data1\" content=\"2\u00a0Minuten\" \/>\n<script type=\"application\/ld+json\" class=\"yoast-schema-graph\">{\"@context\":\"https:\/\/schema.org\",\"@graph\":[{\"@type\":\"WebPage\",\"@id\":\"https:\/\/www.stiftung-oekologie-u-demokratie.de\/T\/zustiftenvererbenspenden\/\",\"url\":\"https:\/\/www.stiftung-oekologie-u-demokratie.de\/T\/zustiftenvererbenspenden\/\",\"name\":\"Stiftung f\u00fcr \u00d6kologie und Demokratie e.V. - Zustiften \/ Vererben \/ Spenden\",\"isPartOf\":{\"@id\":\"https:\/\/www.stiftung-oekologie-u-demokratie.de\/T\/#website\"},\"datePublished\":\"2015-04-28T20:06:25+00:00\",\"dateModified\":\"2021-01-09T19:19:23+00:00\",\"description\":\"Die Stiftung f\u00fcr \u00d6kologie und Demokratie ist eine gemeinn\u00fctzige Organisation, ein auf Bundesebene von der Bundeszentrale f\u00fcr politische Bildung (BpB) anerkannter Tr\u00e4ger der politischen Bildung, der sich vor allem f\u00fcr Umwelt und die politische \u00d6kologie einsetzt.\",\"breadcrumb\":{\"@id\":\"https:\/\/www.stiftung-oekologie-u-demokratie.de\/T\/zustiftenvererbenspenden\/#breadcrumb\"},\"inLanguage\":\"de\",\"potentialAction\":[{\"@type\":\"ReadAction\",\"target\":[\"https:\/\/www.stiftung-oekologie-u-demokratie.de\/T\/zustiftenvererbenspenden\/\"]}]},{\"@type\":\"BreadcrumbList\",\"@id\":\"https:\/\/www.stiftung-oekologie-u-demokratie.de\/T\/zustiftenvererbenspenden\/#breadcrumb\",\"itemListElement\":[{\"@type\":\"ListItem\",\"position\":1,\"name\":\"Home\",\"item\":\"https:\/\/www.stiftung-oekologie-u-demokratie.de\/T\/\"},{\"@type\":\"ListItem\",\"position\":2,\"name\":\"Zustiften \/ Vererben \/ Spenden\"}]},{\"@type\":\"WebSite\",\"@id\":\"https:\/\/www.stiftung-oekologie-u-demokratie.de\/T\/#website\",\"url\":\"https:\/\/www.stiftung-oekologie-u-demokratie.de\/T\/\",\"name\":\"Stiftung f\u00fcr \u00d6kologie und Demokratie e.V.\",\"description\":\"Stiftung f\u00fcr \u00d6kologie und Demokratie e.V.\",\"potentialAction\":[{\"@type\":\"SearchAction\",\"target\":{\"@type\":\"EntryPoint\",\"urlTemplate\":\"https:\/\/www.stiftung-oekologie-u-demokratie.de\/T\/?s={search_term_string}\"},\"query-input\":{\"@type\":\"PropertyValueSpecification\",\"valueRequired\":true,\"valueName\":\"search_term_string\"}}],\"inLanguage\":\"de\"}]}<\/script>\n<!-- \/ Yoast SEO plugin. -->","yoast_head_json":{"title":"Stiftung f\u00fcr \u00d6kologie und Demokratie e.V. - Zustiften \/ Vererben \/ Spenden","description":"Die Stiftung f\u00fcr \u00d6kologie und Demokratie ist eine gemeinn\u00fctzige Organisation, ein auf Bundesebene von der Bundeszentrale f\u00fcr politische Bildung (BpB) anerkannter Tr\u00e4ger der politischen Bildung, der sich vor allem f\u00fcr Umwelt und die politische \u00d6kologie einsetzt.","robots":{"index":"index","follow":"follow","max-snippet":"max-snippet:-1","max-image-preview":"max-image-preview:large","max-video-preview":"max-video-preview:-1"},"canonical":"https:\/\/www.stiftung-oekologie-u-demokratie.de\/T\/zustiftenvererbenspenden\/","og_locale":"de_DE","og_type":"article","og_title":"Stiftung f\u00fcr \u00d6kologie und Demokratie e.V. - Zustiften \/ Vererben \/ Spenden","og_description":"Die Stiftung f\u00fcr \u00d6kologie und Demokratie ist eine gemeinn\u00fctzige Organisation, ein auf Bundesebene von der Bundeszentrale f\u00fcr politische Bildung (BpB) anerkannter Tr\u00e4ger der politischen Bildung, der sich vor allem f\u00fcr Umwelt und die politische \u00d6kologie einsetzt.","og_url":"https:\/\/www.stiftung-oekologie-u-demokratie.de\/T\/zustiftenvererbenspenden\/","og_site_name":"Stiftung f\u00fcr \u00d6kologie und Demokratie e.V.","article_modified_time":"2021-01-09T19:19:23+00:00","twitter_card":"summary_large_image","twitter_misc":{"Gesch\u00e4tzte Lesezeit":"2\u00a0Minuten"},"schema":{"@context":"https:\/\/schema.org","@graph":[{"@type":"WebPage","@id":"https:\/\/www.stiftung-oekologie-u-demokratie.de\/T\/zustiftenvererbenspenden\/","url":"https:\/\/www.stiftung-oekologie-u-demokratie.de\/T\/zustiftenvererbenspenden\/","name":"Stiftung f\u00fcr \u00d6kologie und Demokratie e.V. - Zustiften \/ Vererben \/ Spenden","isPartOf":{"@id":"https:\/\/www.stiftung-oekologie-u-demokratie.de\/T\/#website"},"datePublished":"2015-04-28T20:06:25+00:00","dateModified":"2021-01-09T19:19:23+00:00","description":"Die Stiftung f\u00fcr \u00d6kologie und Demokratie ist eine gemeinn\u00fctzige Organisation, ein auf Bundesebene von der Bundeszentrale f\u00fcr politische Bildung (BpB) anerkannter Tr\u00e4ger der politischen Bildung, der sich vor allem f\u00fcr Umwelt und die politische \u00d6kologie einsetzt.","breadcrumb":{"@id":"https:\/\/www.stiftung-oekologie-u-demokratie.de\/T\/zustiftenvererbenspenden\/#breadcrumb"},"inLanguage":"de","potentialAction":[{"@type":"ReadAction","target":["https:\/\/www.stiftung-oekologie-u-demokratie.de\/T\/zustiftenvererbenspenden\/"]}]},{"@type":"BreadcrumbList","@id":"https:\/\/www.stiftung-oekologie-u-demokratie.de\/T\/zustiftenvererbenspenden\/#breadcrumb","itemListElement":[{"@type":"ListItem","position":1,"name":"Home","item":"https:\/\/www.stiftung-oekologie-u-demokratie.de\/T\/"},{"@type":"ListItem","position":2,"name":"Zustiften \/ Vererben \/ Spenden"}]},{"@type":"WebSite","@id":"https:\/\/www.stiftung-oekologie-u-demokratie.de\/T\/#website","url":"https:\/\/www.stiftung-oekologie-u-demokratie.de\/T\/","name":"Stiftung f\u00fcr \u00d6kologie und Demokratie e.V.","description":"Stiftung f\u00fcr \u00d6kologie und Demokratie e.V.","potentialAction":[{"@type":"SearchAction","target":{"@type":"EntryPoint","urlTemplate":"https:\/\/www.stiftung-oekologie-u-demokratie.de\/T\/?s={search_term_string}"},"query-input":{"@type":"PropertyValueSpecification","valueRequired":true,"valueName":"search_term_string"}}],"inLanguage":"de"}]}},"_links":{"self":[{"href":"https:\/\/www.stiftung-oekologie-u-demokratie.de\/T\/wp-json\/wp\/v2\/pages\/131","targetHints":{"allow":["GET"]}}],"collection":[{"href":"https:\/\/www.stiftung-oekologie-u-demokratie.de\/T\/wp-json\/wp\/v2\/pages"}],"about":[{"href":"https:\/\/www.stiftung-oekologie-u-demokratie.de\/T\/wp-json\/wp\/v2\/types\/page"}],"author":[{"embeddable":true,"href":"https:\/\/www.stiftung-oekologie-u-demokratie.de\/T\/wp-json\/wp\/v2\/users\/1"}],"replies":[{"embeddable":true,"href":"https:\/\/www.stiftung-oekologie-u-demokratie.de\/T\/wp-json\/wp\/v2\/comments?post=131"}],"version-history":[{"count":9,"href":"https:\/\/www.stiftung-oekologie-u-demokratie.de\/T\/wp-json\/wp\/v2\/pages\/131\/revisions"}],"predecessor-version":[{"id":57695,"href":"https:\/\/www.stiftung-oekologie-u-demokratie.de\/T\/wp-json\/wp\/v2\/pages\/131\/revisions\/57695"}],"wp:attachment":[{"href":"https:\/\/www.stiftung-oekologie-u-demokratie.de\/T\/wp-json\/wp\/v2\/media?parent=131"}],"curies":[{"name":"wp","href":"https:\/\/api.w.org\/{rel}","templated":true}]}}